{"id":6,"date":"2009-04-29T21:31:28","date_gmt":"2009-04-29T19:31:28","guid":{"rendered":"http:\/\/www.barbara-saladin.ch\/?page_id=6"},"modified":"2025-07-24T10:27:02","modified_gmt":"2025-07-24T08:27:02","slug":"lesungen","status":"publish","type":"page","link":"https:\/\/www.barbara-saladin.ch\/?page_id=6","title":{"rendered":"Lesungen"},"content":{"rendered":"<p><strong>humorvoll \u2013 achtsam<\/strong><br \/>\nmit 77 Wohlf\u00fchl \u2013 Geschichten begleiten wir Babo auf ihrem Weg.<br \/>\nIntuitiv schl\u00e4gt Barbara Saladin eine Babo \u2013 Geschichte auf und erz\u00e4hlt, was Babo so alles unterwegs passiert.<a href=\"https:\/\/www.barbara-saladin.ch\/wp-content\/uploads\/2016\/07\/himmel_erde.png\"><img loading=\"lazy\" decoding=\"async\" class=\"alignright wp-image-629 size-full\" src=\"https:\/\/www.barbara-saladin.ch\/wp-content\/uploads\/2016\/07\/himmel_erde.png\" alt=\"himmel_erde\" width=\"266\" height=\"177\" \/><\/a><br \/>\nBabo auf dem Weg, 77 Wohlf\u00fchl \u2013 Geschichten<\/p>\n<p><em>Den Hinweisschildern entkommen und den Weg selber bestimmen. Mich meinem Weg achtsam n\u00e4hern\u2026 ihn erkunden\u2026vertraut machen\u2026 erfahren\u2026<\/em><\/p>\n<p><strong>besinnlich &#8211; nachdenklich<\/strong><br \/>\nmit weihnachtlichen Kurzgeschichten, in denen Barbara Saladin erz\u00e4hlt, was Menschen von heute um Weihnachten herum erleben. Was ihnen begegnet <a href=\"https:\/\/www.barbara-saladin.ch\/wp-content\/uploads\/2016\/07\/weihnachten.png\"><img loading=\"lazy\" decoding=\"async\" class=\"alignright wp-image-631 size-full\" src=\"https:\/\/www.barbara-saladin.ch\/wp-content\/uploads\/2016\/07\/weihnachten.png\" alt=\"weihnachten\" width=\"243\" height=\"181\" \/><\/a>und was ihnen geschieht. Weihnachten \u2013 heute 2, Weihnachten \u2013heute 3.<br \/>\n<em>Die Kerzen waren niedergebrannt. Karli richtete sich zum Schlafen ein. Was ist? Wo sind Sie? Wart nur. Sie kommen. Alle. Ich weiss es.<\/em> (Aus Weihnachten \u2013 heute 3)<\/p>\n<p><strong>heiter \u2013 beschwingt<\/strong><br \/>\nmit fabelhaften Fabeln, farbigen Geschichten und Kurzgeschichten, die zugleich Lebensgeschichten sind. Miteinander geht\u2019s besser. Die Farbe des Himmels. Sie hatte alles.<br \/>\n<em>Ein Computer, der weiss, ob Menschen zusammenpassen. Ich glaubte es einfach nicht! Ich wollte ihn \u00fcberlisten&#8230;<\/em> (Aus die Farbe des Himmels)<\/p>\n<p><strong>witzig \u2013 launig<\/strong><br \/>\nmit 25 Versuchen den Tag beschwingt beginnen, ihn l\u00e4chelnd \u00fcberstehen und heiter beenden mit \u201eTage gibts\u201c.<a href=\"https:\/\/www.barbara-saladin.ch\/wp-content\/uploads\/2016\/07\/beschwingt.png\"><img loading=\"lazy\" decoding=\"async\" class=\"alignright wp-image-633 size-full\" src=\"https:\/\/www.barbara-saladin.ch\/wp-content\/uploads\/2016\/07\/beschwingt.png\" alt=\"beschwingt\" width=\"270\" height=\"179\" \/><\/a><br \/>\n<em>Einfach so Wolkenkuckucksheim besuchen \u2013 mit Tr\u00f6delliesen und Tr\u00f6delfritzen Zeit zerbr\u00f6seln \u2013 und Tr\u00f6deltanten und Tr\u00f6delonkeln ein Dr\u00f6selkr\u00e4nzchen winden.<\/em> (Aus Tage gibts)<\/p>\n<p>Die Lesungen dauern eine Stunde und l\u00e4nger<\/p>\n<h2><\/h2>\n","protected":false},"excerpt":{"rendered":"<p>humorvoll \u2013 achtsam mit 77 Wohlf\u00fchl \u2013 Geschichten begleiten wir Babo auf ihrem Weg. Intuitiv schl\u00e4gt Barbara Saladin eine Babo \u2013 Geschichte auf und erz\u00e4hlt, was Babo so alles unterwegs passiert. Babo auf dem Weg, 77 Wohlf\u00fchl \u2013 Geschichten Den Hinweisschildern entkommen und den Weg selber bestimmen. Mich meinem Weg achtsam n\u00e4hern\u2026 ihn erkunden\u2026vertraut machen\u2026&hellip; <a class=\"more-link\" href=\"https:\/\/www.barbara-saladin.ch\/?page_id=6\"><span class=\"screen-reader-text\">Lesungen<\/span> weiterlesen<\/a><\/p>\n","protected":false},"author":1,"featured_media":0,"parent":0,"menu_order":0,"comment_status":"closed","ping_status":"closed","template":"","meta":{"footnotes":""},"class_list":["post-6","page","type-page","status-publish","hentry","entry"],"_links":{"self":[{"href":"https:\/\/www.barbara-saladin.ch\/index.php?rest_route=\/wp\/v2\/pages\/6","targetHints":{"allow":["GET"]}}],"collection":[{"href":"https:\/\/www.barbara-saladin.ch\/index.php?rest_route=\/wp\/v2\/pages"}],"about":[{"href":"https:\/\/www.barbara-saladin.ch\/index.php?rest_route=\/wp\/v2\/types\/page"}],"author":[{"embeddable":true,"href":"https:\/\/www.barbara-saladin.ch\/index.php?rest_route=\/wp\/v2\/users\/1"}],"replies":[{"embeddable":true,"href":"https:\/\/www.barbara-saladin.ch\/index.php?rest_route=%2Fwp%2Fv2%2Fcomments&post=6"}],"version-history":[{"count":24,"href":"https:\/\/www.barbara-saladin.ch\/index.php?rest_route=\/wp\/v2\/pages\/6\/revisions"}],"predecessor-version":[{"id":1735,"href":"https:\/\/www.barbara-saladin.ch\/index.php?rest_route=\/wp\/v2\/pages\/6\/revisions\/1735"}],"wp:attachment":[{"href":"https:\/\/www.barbara-saladin.ch\/index.php?rest_route=%2Fwp%2Fv2%2Fmedia&parent=6"}],"curies":[{"name":"wp","href":"https:\/\/api.w.org\/{rel}","templated":true}]}}