{"id":231,"date":"2010-08-25T19:00:24","date_gmt":"2010-08-25T17:00:24","guid":{"rendered":"http:\/\/www.barbara-saladin.ch\/?page_id=231"},"modified":"2025-07-24T10:27:47","modified_gmt":"2025-07-24T08:27:47","slug":"presseberichte","status":"publish","type":"page","link":"https:\/\/www.barbara-saladin.ch\/?page_id=231","title":{"rendered":"Resonanzen"},"content":{"rendered":"<p style=\"text-align: center;\">Ihre Meinung interessiert mich:<\/p>\n<p><strong>Zu Babo auf dem Weg<\/strong><\/p>\n<p><a href=\"https:\/\/www.barbara-saladin.ch\/wp-content\/uploads\/2017\/02\/GOZ_03-02-17.pdf\">GoZ, Gossauer Wochenzeitung vom 3. Februar 2017<\/a><\/p>\n<p>Heissen Dank! Ich danke dir ganz herzlich f\u00fcr dein sehr gelungenes Buch.<br \/>\n<em>Irene Mittag<\/em><\/p>\n<p>Herzlichi gratulation zum geenial\u00e4 bu\u00e4ch! Isch eifach sensationell!<br \/>\n<em>Peter St\u00fcbi<\/em><\/p>\n<p>Ich gratuliere dir herzlich zum Artikel in der GOZ. Super tolles Portr\u00e4t und gluschtige Buchvorstellung. Ich ging zum B\u00fcchergestell, holte Babo hervor und w\u00e4hlte intuitiv eine Geschichte\u2026 und sie passte perfekt. Danke!<br \/>\n<em>Brigitte Hollenstein<\/em><\/p>\n<p>Diese Freude, dein Buch in den H\u00e4nden zu halten!<br \/>\nNat\u00fcrlich habe ich es sofort aufgeschlagen \u2013 Besser h\u00e4tte ich es nicht treffen k\u00f6nnen \u2013 Babos Bauchgef\u00fchl\u2026<br \/>\nDANKE Barbara, es f\u00fchlt sich so gut an.<br \/>\n<em>Elsbeth B\u00fchlmann<\/em><\/p>\n<p>Sch\u00f6n ist das Buch geworden. Meine Farben, leichtf\u00fcssig und weit \u2013 sichtig\u2026 Allegra!<br \/>\n<em>Elsbeth Semperboni<\/em><\/p>\n<p>Liebe Barbara<br \/>\nGeschichten aus dem Leben<br \/>\nkraftvoll und doch leicht!<br \/>\nMit dem Eintauchen in eine spontan aufgeschlagene Geschichte erlebe ich immer wieder den passenden Input.<br \/>\nVielen Dank, dass Du die feinf\u00fchligen Beobachtungen in diesem Buch pr\u00e4sentierst.<br \/>\n<em>Lisa Sturzenegger<\/em><\/p>\n<p>D gschicht\u00e4 ber\u00fcehre mi, hol\u00e4 mi ab, entf\u00fcehre mi a ort\u00e4 us minere chindheit. Sie rege mini fantasie a u n\u00e4m\u00e4 mi innerlech ufn\u00e4 reis mit. Mir gfallt dr eifach schribstiel ohni schnick-schnack. So hets viu platz f\u00fcr die eigete innere bilder.<br \/>\nIn jeder geschichte sp\u00fcre ich viel liebevolles und sorgf\u00e4ltiges. Es ist, als w\u00fcrde sie mir meine grossmutter in geborgener umgebung erz\u00e4hlen.<br \/>\nIhre geschichten bringen mir die grossen themen des lebens in einer gut portionierten gr\u00f6sse nahe, dass ich sie aufnehmen und verdauen kann.<br \/>\nEine geschichte pro tag erheitert mein gem\u00fct, manchmal stimmt sie mich nachdenklich, manchmal lache ich schallend. Aber immer sind die geschichten wirkungsvoll und hallen nach.<br \/>\nEs sind Seelenber\u00fchrer diese abenteuer mit babo.<br \/>\n<em>Claudia D\u00e4pp<\/em><\/p>\n<p>Es isch es super Buech, immer wenn ich e Siite ufschlah, passts<br \/>\nzu mim Thema.<br \/>\n<em>Belinda Macher<\/em><\/p>\n<p>Wollte mich nur nochmals herzlich f\u00fcr das Buch von Babo bedanken. Lese fast jeden Tag darin, und es ist wirklich fast jedesmal mein Tagesthema.<br \/>\n<em>Jeannette Pl\u00fcss<\/em><\/p>\n<p>In einem Moment des Innehaltens erfreuen mich Deine k\u00f6stlichen, frischen Babo \u2013 Geschichten.<br \/>\nLieben, grossen Dank.<br \/>\n<em>Steffi Bonda<\/em><\/p>\n<p>Herzlichen Gl\u00fcckwunsch zur \u201eGeburt\u201c Deines neusten Buches, liebe Barbara. Babo hat sich bestimmt riesig gefreut \u00fcber ihr neues Zuhause\u2026<br \/>\n<em>Urs Hagen<\/em><\/p>\n<p><strong>Aus dem Kurs:<\/strong><br \/>\nDas Paradies in mir<\/p>\n<p>Das Paradies in mir<br \/>\nglaubte<br \/>\nes gefunden zu haben<br \/>\nentdeckte<br \/>\nversteckte Winkel<br \/>\nfinde<br \/>\ndunkle Ecken<br \/>\n\u00f6ffne<br \/>\ngeheimnisvolle T\u00fcren<br \/>\nzu hellen R\u00e4umen<br \/>\n\u00fcber den Wolken<br \/>\nhinter der Seele<br \/>\nzusammen mit dir<br \/>\nmacht Spass<br \/>\nist spannend<br \/>\nbereichert<br \/>\nverborgene Sch\u00e4tze<br \/>\nungeahnter Reichtum<br \/>\n<em>Rosi Kuhn, Gossau<\/em><\/p>\n<p><strong>Aus dem Literaturklub:<\/strong><\/p>\n<p>In welche Himmel<br \/>\nsoll ich das schreiben<br \/>\neinmal 2 Stunden nicht<br \/>\nschlafen k\u00f6nnen<br \/>\nvor Gl\u00fcck<br \/>\n<em>R\u00f6sli Krucker, Gossau<\/em><\/p>\n<p>Der tag<br \/>\nduftet<br \/>\nmit stille<br \/>\nin<br \/>\nsich hinein<\/p>\n<p>sommermorgen<br \/>\n<em>Rosi Kuhn, Gossau<\/em><\/p>\n<p>Neue Wege<\/p>\n<p>Alleinstehen<br \/>\nAlleine stehen<br \/>\nDa stehen<br \/>\nHerum stehen<br \/>\nEigenst\u00e4ndig stehen<br \/>\nAufstehen<br \/>\nAuferstehen<br \/>\n<em>Edith Horlacher, St. Gallen<\/em><\/p>\n","protected":false},"excerpt":{"rendered":"<p>Ihre Meinung interessiert mich: Zu Babo auf dem Weg GoZ, Gossauer Wochenzeitung vom 3. Februar 2017 Heissen Dank! Ich danke dir ganz herzlich f\u00fcr dein sehr gelungenes Buch. Irene Mittag Herzlichi gratulation zum geenial\u00e4 bu\u00e4ch! Isch eifach sensationell! Peter St\u00fcbi Ich gratuliere dir herzlich zum Artikel in der GOZ. Super tolles Portr\u00e4t und gluschtige Buchvorstellung.&hellip; <a class=\"more-link\" href=\"https:\/\/www.barbara-saladin.ch\/?page_id=231\"><span class=\"screen-reader-text\">Resonanzen<\/span> weiterlesen<\/a><\/p>\n","protected":false},"author":1,"featured_media":0,"parent":0,"menu_order":0,"comment_status":"closed","ping_status":"closed","template":"","meta":{"footnotes":""},"class_list":["post-231","page","type-page","status-publish","hentry","entry"],"_links":{"self":[{"href":"https:\/\/www.barbara-saladin.ch\/index.php?rest_route=\/wp\/v2\/pages\/231","targetHints":{"allow":["GET"]}}],"collection":[{"href":"https:\/\/www.barbara-saladin.ch\/index.php?rest_route=\/wp\/v2\/pages"}],"about":[{"href":"https:\/\/www.barbara-saladin.ch\/index.php?rest_route=\/wp\/v2\/types\/page"}],"author":[{"embeddable":true,"href":"https:\/\/www.barbara-saladin.ch\/index.php?rest_route=\/wp\/v2\/users\/1"}],"replies":[{"embeddable":true,"href":"https:\/\/www.barbara-saladin.ch\/index.php?rest_route=%2Fwp%2Fv2%2Fcomments&post=231"}],"version-history":[{"count":30,"href":"https:\/\/www.barbara-saladin.ch\/index.php?rest_route=\/wp\/v2\/pages\/231\/revisions"}],"predecessor-version":[{"id":1738,"href":"https:\/\/www.barbara-saladin.ch\/index.php?rest_route=\/wp\/v2\/pages\/231\/revisions\/1738"}],"wp:attachment":[{"href":"https:\/\/www.barbara-saladin.ch\/index.php?rest_route=%2Fwp%2Fv2%2Fmedia&parent=231"}],"curies":[{"name":"wp","href":"https:\/\/api.w.org\/{rel}","templated":true}]}}