{"id":2,"date":"2009-04-29T20:43:00","date_gmt":"2009-04-29T18:43:00","guid":{"rendered":"http:\/\/www.barbara-saladin.ch\/?page_id=2"},"modified":"2026-01-25T14:26:24","modified_gmt":"2026-01-25T13:26:24","slug":"about","status":"publish","type":"page","link":"https:\/\/www.barbara-saladin.ch\/","title":{"rendered":"Home"},"content":{"rendered":"\n<figure class=\"wp-block-image size-large\"><img loading=\"lazy\" decoding=\"async\" width=\"1024\" height=\"147\" src=\"https:\/\/www.barbara-saladin.ch\/wp-content\/uploads\/2017\/03\/cropped-bg5-1024x147.jpg\" alt=\"\" class=\"wp-image-1380\" srcset=\"https:\/\/www.barbara-saladin.ch\/wp-content\/uploads\/2017\/03\/cropped-bg5-1024x147.jpg 1024w, https:\/\/www.barbara-saladin.ch\/wp-content\/uploads\/2017\/03\/cropped-bg5-300x43.jpg 300w, https:\/\/www.barbara-saladin.ch\/wp-content\/uploads\/2017\/03\/cropped-bg5-768x110.jpg 768w, https:\/\/www.barbara-saladin.ch\/wp-content\/uploads\/2017\/03\/cropped-bg5.jpg 1600w\" sizes=\"auto, (max-width: 1024px) 100vw, 1024px\" \/><\/figure>\n\n\n\n<p>Sch\u00f6n, dass Sie zu Besuch kommen.<br>Ich m\u00f6chte Ihnen kurz meine verschiedenen B\u00fccher mit Kurzgeschichten und weitere interessante Begebenheiten zum Schreiben und meinem Leben vorstellen.<br>Zuerst die Weihnachtsgeschichten, denn mit denen fing alles an\u2026<br>Da suchte ich Geschichten f\u00fcr meine Kinder von 10 und 12 Jahren.<br>Im Buchhandel gab es nur Geschichten von ganz armen Kindern in fernen kalten L\u00e4ndern, die warme Socken zum Fest bekamen.<br>Socken? Was bekamen denn unsere Kinder zum Fest? Ich fand keine Geschichten\u2026 Also, schreib ich sie selber!, dachte ich. Es sollen Geschichten f\u00fcr Menschen von hier und von heute sein\u2026<br>Und so sind sie entstanden.<br>Also heissen die Geschichten zu Weihnachten:<br><strong>Weihachten \u2013 heute<\/strong> 1 bis 3.<br>Ja, es sind drei B\u00e4nde mit je 15 Geschichten entstanden und eine CD mit 8 Geschichten, alle f\u00fcr Fr. 10.- erh\u00e4ltlich.<br>Danach h\u00f6rte ich nicht mehr auf mit Schreiben und so gibt es die B\u00fccher:<br>Tage gibts. Die Farbe des Himmels. Sie hatte alles. Miteinander geht\u2019s besser. Babo auf dem Weg.<br>Eine ausf\u00fchrliche Beschreibung der Geschichten finden Sie unter: <strong>B\u00fccher<\/strong>.<br>Unter <strong>Monatsgeschichte<\/strong> k\u00f6nnen Sie jeden Monat eine Babo \u2013<br>Geschichte lesen und sich daran erfreuen.<br>Sollten Ihnen die Babo \u2013 Geschichten gefallen, schauen Sie doch mal unter: <a href=\"http:\/\/www.babo365.ch\">www.babo365.ch<\/a> nach. Hier k\u00f6nnen Sie Babo auf ihrem Weg zum Meer begleiten und dazu jeden Tag eine Geschichte lesen und h\u00f6ren.<br><strong>Termine<\/strong> zeigt im Archiv fr\u00fchere Kurse und Lesungen.<br>In zwei interessanten Interviews erfahren Sie mehr \u00fcber mein Leben.<br>In verk\u00fcrzter Form: <strong>Leben 1 und Leben 2<\/strong>, sowie in zwei anregenden Interviews: <strong>Geschichten<\/strong> und die <strong>Reise zu sich<\/strong>.<br>Und am Schluss \u2013 wenn Sie noch Lust haben &#8211; <strong>Mein Weg<\/strong> bis heute.<\/p>\n\n\n\n<p>Mit einem herzlichen Dankesch\u00f6n \u2013<br>Ihre Barbara Saladin<\/p>\n\n\n\n<p><br><a href=\"http:\/\/www.barbarasaladin.ch\">Zur Nordwestschweizer Krimiautorin und Journalistin Barbara Saladin geht&#8217;s hier<\/a><\/p>\n","protected":false},"excerpt":{"rendered":"<p>Sch\u00f6n, dass Sie zu Besuch kommen.Ich m\u00f6chte Ihnen kurz meine verschiedenen B\u00fccher mit Kurzgeschichten und weitere interessante Begebenheiten zum Schreiben und meinem Leben vorstellen.Zuerst die Weihnachtsgeschichten, denn mit denen fing alles an\u2026Da suchte ich Geschichten f\u00fcr meine Kinder von 10 und 12 Jahren.Im Buchhandel gab es nur Geschichten von ganz armen Kindern in fernen kalten&hellip; <a class=\"more-link\" href=\"https:\/\/www.barbara-saladin.ch\/\"><span class=\"screen-reader-text\">Home<\/span> weiterlesen<\/a><\/p>\n","protected":false},"author":1,"featured_media":0,"parent":0,"menu_order":0,"comment_status":"closed","ping_status":"closed","template":"","meta":{"footnotes":""},"class_list":["post-2","page","type-page","status-publish","hentry","entry"],"_links":{"self":[{"href":"https:\/\/www.barbara-saladin.ch\/index.php?rest_route=\/wp\/v2\/pages\/2","targetHints":{"allow":["GET"]}}],"collection":[{"href":"https:\/\/www.barbara-saladin.ch\/index.php?rest_route=\/wp\/v2\/pages"}],"about":[{"href":"https:\/\/www.barbara-saladin.ch\/index.php?rest_route=\/wp\/v2\/types\/page"}],"author":[{"embeddable":true,"href":"https:\/\/www.barbara-saladin.ch\/index.php?rest_route=\/wp\/v2\/users\/1"}],"replies":[{"embeddable":true,"href":"https:\/\/www.barbara-saladin.ch\/index.php?rest_route=%2Fwp%2Fv2%2Fcomments&post=2"}],"version-history":[{"count":36,"href":"https:\/\/www.barbara-saladin.ch\/index.php?rest_route=\/wp\/v2\/pages\/2\/revisions"}],"predecessor-version":[{"id":1802,"href":"https:\/\/www.barbara-saladin.ch\/index.php?rest_route=\/wp\/v2\/pages\/2\/revisions\/1802"}],"wp:attachment":[{"href":"https:\/\/www.barbara-saladin.ch\/index.php?rest_route=%2Fwp%2Fv2%2Fmedia&parent=2"}],"curies":[{"name":"wp","href":"https:\/\/api.w.org\/{rel}","templated":true}]}}