{"id":10,"date":"2009-04-29T21:32:02","date_gmt":"2009-04-29T19:32:02","guid":{"rendered":"http:\/\/www.barbara-saladin.ch\/?page_id=10"},"modified":"2025-08-30T21:31:46","modified_gmt":"2025-08-30T19:31:46","slug":"kurse","status":"publish","type":"page","link":"https:\/\/www.barbara-saladin.ch\/?page_id=10","title":{"rendered":"Kurse"},"content":{"rendered":"<h2>Die Bedeutung der Worte \u2013 Sprache finden \u2013 die eigene Sprache finden<\/h2>\n<p>Sich einmal intensiv mit Sprache besch\u00e4ftigen. Eintauchen in Kurztexte und Gedichte. Spielerisch Worte bewegen, um so der Sprache auf die Spur zu kommen. Durch das intensive Besch\u00e4ftigen mit Autorinnen und Autoren, Themen wie: Erinnerung, Aufschreiben, Notieren, Sprichworte usw. entsteht eine gr\u00f6ssere Sensibilit\u00e4t f\u00fcr Sprache. Ihr Gesp\u00fcr f\u00fcr Sprache w\u00e4chst. Sie kommen Ihrer eigenen Sprache immer mehr auf die Spur bis Sie Ihren eigenen Ausdruck \u2013 Ihre eigene Sprache finden.<\/p>\n\n\n<p><\/p>\n","protected":false},"excerpt":{"rendered":"<p>Die Bedeutung der Worte \u2013 Sprache finden \u2013 die eigene Sprache finden Sich einmal intensiv mit Sprache besch\u00e4ftigen. Eintauchen in Kurztexte und Gedichte. Spielerisch Worte bewegen, um so der Sprache auf die Spur zu kommen. Durch das intensive Besch\u00e4ftigen mit Autorinnen und Autoren, Themen wie: Erinnerung, Aufschreiben, Notieren, Sprichworte usw. entsteht eine gr\u00f6ssere Sensibilit\u00e4t f\u00fcr&hellip; <a class=\"more-link\" href=\"https:\/\/www.barbara-saladin.ch\/?page_id=10\"><span class=\"screen-reader-text\">Kurse<\/span> weiterlesen<\/a><\/p>\n","protected":false},"author":1,"featured_media":0,"parent":0,"menu_order":0,"comment_status":"closed","ping_status":"closed","template":"","meta":{"footnotes":""},"class_list":["post-10","page","type-page","status-publish","hentry","entry"],"_links":{"self":[{"href":"https:\/\/www.barbara-saladin.ch\/index.php?rest_route=\/wp\/v2\/pages\/10","targetHints":{"allow":["GET"]}}],"collection":[{"href":"https:\/\/www.barbara-saladin.ch\/index.php?rest_route=\/wp\/v2\/pages"}],"about":[{"href":"https:\/\/www.barbara-saladin.ch\/index.php?rest_route=\/wp\/v2\/types\/page"}],"author":[{"embeddable":true,"href":"https:\/\/www.barbara-saladin.ch\/index.php?rest_route=\/wp\/v2\/users\/1"}],"replies":[{"embeddable":true,"href":"https:\/\/www.barbara-saladin.ch\/index.php?rest_route=%2Fwp%2Fv2%2Fcomments&post=10"}],"version-history":[{"count":16,"href":"https:\/\/www.barbara-saladin.ch\/index.php?rest_route=\/wp\/v2\/pages\/10\/revisions"}],"predecessor-version":[{"id":1757,"href":"https:\/\/www.barbara-saladin.ch\/index.php?rest_route=\/wp\/v2\/pages\/10\/revisions\/1757"}],"wp:attachment":[{"href":"https:\/\/www.barbara-saladin.ch\/index.php?rest_route=%2Fwp%2Fv2%2Fmedia&parent=10"}],"curies":[{"name":"wp","href":"https:\/\/api.w.org\/{rel}","templated":true}]}}